{"id":1741,"date":"2022-04-12T06:06:29","date_gmt":"2022-04-12T06:06:29","guid":{"rendered":"https:\/\/rmapiny.org\/?page_id=1741"},"modified":"2022-09-13T20:16:37","modified_gmt":"2022-09-13T20:16:37","slug":"poverty-in-rochester","status":"publish","type":"page","link":"https:\/\/www.rmapiny.org\/es\/poverty-in-rochester\/","title":{"rendered":"POBREZA EN ROCHESTER"},"content":{"rendered":"<div data-elementor-type=\"wp-page\" data-elementor-id=\"1741\" class=\"elementor elementor-1741\" data-elementor-settings=\"{&quot;ha_cmc_init_switcher&quot;:&quot;no&quot;}\" data-elementor-post-type=\"page\">\n\t\t\t\t<div class=\"elementor-element elementor-element-7e21227 e-flex e-con-boxed e-con e-parent\" data-id=\"7e21227\" data-element_type=\"container\" data-e-type=\"container\" data-settings=\"{&quot;background_background&quot;:&quot;video&quot;,&quot;background_video_link&quot;:&quot;https:\\\/\\\/youtu.be\\\/WC4qwr-6L7M&quot;,&quot;background_play_on_mobile&quot;:&quot;yes&quot;,&quot;background_privacy_mode&quot;:&quot;yes&quot;,&quot;_ha_eqh_enable&quot;:false}\">\n\t\t\t\t\t<div class=\"e-con-inner\">\n\t\t<div class=\"elementor-background-video-container\">\n\t\t\t\t\t\t\t<div class=\"elementor-background-video-embed\" role=\"presentation\"><\/div>\n\t\t\t\t\t\t<\/div><div class=\"elementor-element elementor-element-01d5aa0 e-con-full e-flex e-con e-child\" data-id=\"01d5aa0\" data-element_type=\"container\" data-e-type=\"container\" data-settings=\"{&quot;background_background&quot;:&quot;classic&quot;,&quot;_ha_eqh_enable&quot;:false}\">\n\t\t\t\t<div class=\"elementor-element elementor-element-45cf0c3 elementor-widget elementor-widget-heading\" data-id=\"45cf0c3\" data-element_type=\"widget\" data-e-type=\"widget\" data-widget_type=\"heading.default\">\n\t\t\t\t<div class=\"elementor-widget-container\">\n\t\t\t\t\t<h2 class=\"elementor-heading-title elementor-size-default\">ACABANDO CON LA POBREZA<\/h2>\t\t\t\t<\/div>\n\t\t\t\t<\/div>\n\t\t\t\t<div class=\"elementor-element elementor-element-4772f5f elementor-widget elementor-widget-heading\" data-id=\"4772f5f\" data-element_type=\"widget\" data-e-type=\"widget\" data-widget_type=\"heading.default\">\n\t\t\t\t<div class=\"elementor-widget-container\">\n\t\t\t\t\t<h1 class=\"elementor-heading-title elementor-size-default\">Pobreza en Rochester<\/h1>\t\t\t\t<\/div>\n\t\t\t\t<\/div>\n\t\t\t\t<div class=\"elementor-element elementor-element-60f9b9a elementor-widget elementor-widget-heading\" data-id=\"60f9b9a\" data-element_type=\"widget\" data-e-type=\"widget\" data-widget_type=\"heading.default\">\n\t\t\t\t<div class=\"elementor-widget-container\">\n\t\t\t\t\t<h6 class=\"elementor-heading-title elementor-size-default\">Las estad\u00edsticas de pobreza en el condado de Monroe, especialmente en la ciudad de Rochester, son espantosas. Casi un tercio de la poblaci\u00f3n vive por debajo del umbral de la pobreza. De ellos, la mitad vive en la pobreza extrema, lo que significa que los ingresos del hogar son la mitad del nivel de pobreza federal. Pero lo m\u00e1s impactante es el hecho de que uno de cada dos ni\u00f1os de Rochester vive en la pobreza.<\/h6>\t\t\t\t<\/div>\n\t\t\t\t<\/div>\n\t\t\t\t<\/div>\n\t\t\t\t\t<\/div>\n\t\t\t\t<\/div>\n\t\t<div class=\"elementor-element elementor-element-ed9d967 e-flex e-con-boxed e-con e-parent\" data-id=\"ed9d967\" data-element_type=\"container\" data-e-type=\"container\" data-settings=\"{&quot;_ha_eqh_enable&quot;:false}\">\n\t\t\t\t\t<div class=\"e-con-inner\">\n\t\t<div class=\"elementor-element elementor-element-8e9d1d1 e-con-full e-flex e-con e-child\" data-id=\"8e9d1d1\" data-element_type=\"container\" data-e-type=\"container\" data-settings=\"{&quot;_ha_eqh_enable&quot;:false}\">\n\t\t\t\t<div class=\"elementor-element elementor-element-e18a41f elementor-widget elementor-widget-text-editor\" data-id=\"e18a41f\" data-element_type=\"widget\" data-e-type=\"widget\" data-widget_type=\"text-editor.default\">\n\t\t\t\t<div class=\"elementor-widget-container\">\n\t\t\t\t\t\t\t\t\t<p>M\u00e1s de 50 a\u00f1os despu\u00e9s de que el presidente Lyndon Johnson declarara la guerra contra la pobreza, Rochester, Nueva York, se enfrenta a una crisis. Entre las ciudades estadounidenses de tama\u00f1o comparable, Rochester tiene<\/p>\t\t\t\t\t\t\t\t<\/div>\n\t\t\t\t<\/div>\n\t\t\t\t<div class=\"elementor-element elementor-element-cba84e5 elementor-icon-list--layout-traditional elementor-list-item-link-full_width elementor-widget elementor-widget-icon-list\" data-id=\"cba84e5\" data-element_type=\"widget\" data-e-type=\"widget\" data-widget_type=\"icon-list.default\">\n\t\t\t\t<div class=\"elementor-widget-container\">\n\t\t\t\t\t\t\t<ul class=\"elementor-icon-list-items\">\n\t\t\t\t\t\t\t<li class=\"elementor-icon-list-item\">\n\t\t\t\t\t\t\t\t\t\t\t<span class=\"elementor-icon-list-icon\">\n\t\t\t\t\t\t\t<i aria-hidden=\"true\" class=\"jki jki-tick-light\"><\/i>\t\t\t\t\t\t<\/span>\n\t\t\t\t\t\t\t\t\t\t<span class=\"elementor-icon-list-text\">La tasa m\u00e1s alta de pobreza infantil.<\/span>\n\t\t\t\t\t\t\t\t\t<\/li>\n\t\t\t\t\t\t\t\t<li class=\"elementor-icon-list-item\">\n\t\t\t\t\t\t\t\t\t\t\t<span class=\"elementor-icon-list-icon\">\n\t\t\t\t\t\t\t<i aria-hidden=\"true\" class=\"jki jki-check-solid\"><\/i>\t\t\t\t\t\t<\/span>\n\t\t\t\t\t\t\t\t\t\t<span class=\"elementor-icon-list-text\">La tasa m\u00e1s alta de pobreza extrema.<\/span>\n\t\t\t\t\t\t\t\t\t<\/li>\n\t\t\t\t\t\t\t\t<li class=\"elementor-icon-list-item\">\n\t\t\t\t\t\t\t\t\t\t\t<span class=\"elementor-icon-list-icon\">\n\t\t\t\t\t\t\t<i aria-hidden=\"true\" class=\"jki jki-check-solid\"><\/i>\t\t\t\t\t\t<\/span>\n\t\t\t\t\t\t\t\t\t\t<span class=\"elementor-icon-list-text\">La segunda tasa de pobreza m\u00e1s alta de la naci\u00f3n.<\/span>\n\t\t\t\t\t\t\t\t\t<\/li>\n\t\t\t\t\t\t<\/ul>\n\t\t\t\t\t\t<\/div>\n\t\t\t\t<\/div>\n\t\t\t\t<div class=\"elementor-element elementor-element-594e7ae elementor-widget elementor-widget-text-editor\" data-id=\"594e7ae\" data-element_type=\"widget\" data-e-type=\"widget\" data-widget_type=\"text-editor.default\">\n\t\t\t\t<div class=\"elementor-widget-container\">\n\t\t\t\t\t\t\t\t\t<p>Las estad\u00edsticas de pobreza en el condado de Monroe, especialmente en la ciudad de Rochester, son espantosas. Casi un tercio de la poblaci\u00f3n vive por debajo del umbral de la pobreza. De ellos, la mitad vive en la pobreza extrema, lo que significa que los ingresos del hogar son la mitad del nivel de pobreza federal. Pero lo m\u00e1s impactante es el hecho de que uno de cada dos ni\u00f1os de Rochester vive en la pobreza.<\/p>\n<p>Un informe de 2013 elaborado por la Fundaci\u00f3n Comunitaria del \u00c1rea de Rochester y ACT Rochester sirvi\u00f3 de llamada de atenci\u00f3n sobre la creciente pobreza de Rochester y el condado de Monroe y puso de manifiesto la naturaleza concentrada y multigeneracional del problema en la ciudad. En la zona conocida como \"The Crescent\", m\u00e1s del 60% de los residentes viven en la pobreza. Esta concentraci\u00f3n extrema de la pobreza se manifiesta en la limitaci\u00f3n del empleo local, el deterioro de las viviendas, los desiertos alimentarios y el aislamiento de los residentes de estos barrios.<\/p>\t\t\t\t\t\t\t\t<\/div>\n\t\t\t\t<\/div>\n\t\t\t\t<\/div>\n\t\t<div class=\"elementor-element elementor-element-2397f0d e-con-full e-flex e-con e-child\" data-id=\"2397f0d\" data-element_type=\"container\" data-e-type=\"container\" data-settings=\"{&quot;_ha_eqh_enable&quot;:false}\">\n\t\t\t\t<div class=\"elementor-element elementor-element-5ce8868 elementor-widget elementor-widget-video\" data-id=\"5ce8868\" data-element_type=\"widget\" data-e-type=\"widget\" data-settings=\"{&quot;youtube_url&quot;:&quot;https:\\\/\\\/www.youtube.com\\\/watch?v=WC4qwr-6L7M&quot;,&quot;video_type&quot;:&quot;youtube&quot;,&quot;controls&quot;:&quot;yes&quot;}\" data-widget_type=\"video.default\">\n\t\t\t\t<div class=\"elementor-widget-container\">\n\t\t\t\t\t\t\t<div class=\"elementor-wrapper elementor-open-inline\">\n\t\t\t<div class=\"elementor-video\"><\/div>\t\t<\/div>\n\t\t\t\t\t\t<\/div>\n\t\t\t\t<\/div>\n\t\t\t\t<div class=\"elementor-element elementor-element-9febd8c elementor-widget__width-auto elementor-widget elementor-widget-heading\" data-id=\"9febd8c\" data-element_type=\"widget\" data-e-type=\"widget\" data-widget_type=\"heading.default\">\n\t\t\t\t<div class=\"elementor-widget-container\">\n\t\t\t\t\t<h2 class=\"elementor-heading-title elementor-size-default\">Los \u00edndices de pobreza est\u00e1n disminuyendo en Rochester.<\/h2>\t\t\t\t<\/div>\n\t\t\t\t<\/div>\n\t\t\t\t<div class=\"elementor-element elementor-element-84dda0f elementor-widget elementor-widget-text-editor\" data-id=\"84dda0f\" data-element_type=\"widget\" data-e-type=\"widget\" data-widget_type=\"text-editor.default\">\n\t\t\t\t<div class=\"elementor-widget-container\">\n\t\t\t\t\t\t\t\t\t<p>La Iniciativa contra la Pobreza de Rochester-Monroe reuni\u00f3 por primera vez a los miembros de la comunidad en 2015, con el objetivo de abordar las causas profundas de la pobreza, especialmente el racismo estructural que mantiene intencionadamente a tantos residentes de Rochester atrapados en un ciclo de pobreza casi ineludible. La coalici\u00f3n se propuso romper y reconstruir los sistemas que perpet\u00faan la pobreza, y ya ha contribuido a cambiar el rumbo de la pobreza en Rochester. Un informe de IBM de 2015 afirmaba que, sin cambios significativos, la tasa de pobreza en Rochester seguir\u00eda creciendo y que, en 2028, el n\u00famero de personas en situaci\u00f3n de pobreza superar\u00eda al total de la poblaci\u00f3n con empleo. Desde que se public\u00f3 ese informe, el ritmo de crecimiento de la pobreza en Rochester, que antes era r\u00e1pido, primero se redujo y luego se invirti\u00f3. En el \u00faltimo informe del Censo de EE.UU., la tasa de pobreza del \u00faltimo quinquenio se redujo en casi un 10%.<\/p>\t\t\t\t\t\t\t\t<\/div>\n\t\t\t\t<\/div>\n\t\t\t\t<\/div>\n\t\t\t\t\t<\/div>\n\t\t\t\t<\/div>\n\t\t\t\t<\/div>","protected":false},"excerpt":{"rendered":"<p>Ending Poverty Poverty in rochester The poverty statistics for Monroe County, especially in the City of Rochester, are appalling. Almost one third of the population lives below the poverty line. [&hellip;]<\/p>\n","protected":false},"author":1,"featured_media":0,"parent":0,"menu_order":0,"comment_status":"closed","ping_status":"closed","template":"elementor_header_footer","meta":{"ocean_post_layout":"","ocean_both_sidebars_style":"","ocean_both_sidebars_content_width":0,"ocean_both_sidebars_sidebars_width":0,"ocean_sidebar":"0","ocean_second_sidebar":"0","ocean_disable_margins":"enable","ocean_add_body_class":"","ocean_shortcode_before_top_bar":"","ocean_shortcode_after_top_bar":"","ocean_shortcode_before_header":"","ocean_shortcode_after_header":"","ocean_has_shortcode":"","ocean_shortcode_after_title":"","ocean_shortcode_before_footer_widgets":"","ocean_shortcode_after_footer_widgets":"","ocean_shortcode_before_footer_bottom":"","ocean_shortcode_after_footer_bottom":"","ocean_display_top_bar":"default","ocean_display_header":"default","ocean_header_style":"","ocean_center_header_left_menu":"0","ocean_custom_header_template":"0","ocean_custom_logo":0,"ocean_custom_retina_logo":0,"ocean_custom_logo_max_width":0,"ocean_custom_logo_tablet_max_width":0,"ocean_custom_logo_mobile_max_width":0,"ocean_custom_logo_max_height":0,"ocean_custom_logo_tablet_max_height":0,"ocean_custom_logo_mobile_max_height":0,"ocean_header_custom_menu":"0","ocean_menu_typo_font_family":"0","ocean_menu_typo_font_subset":"","ocean_menu_typo_font_size":0,"ocean_menu_typo_font_size_tablet":0,"ocean_menu_typo_font_size_mobile":0,"ocean_menu_typo_font_size_unit":"px","ocean_menu_typo_font_weight":"","ocean_menu_typo_font_weight_tablet":"","ocean_menu_typo_font_weight_mobile":"","ocean_menu_typo_transform":"","ocean_menu_typo_transform_tablet":"","ocean_menu_typo_transform_mobile":"","ocean_menu_typo_line_height":0,"ocean_menu_typo_line_height_tablet":0,"ocean_menu_typo_line_height_mobile":0,"ocean_menu_typo_line_height_unit":"","ocean_menu_typo_spacing":0,"ocean_menu_typo_spacing_tablet":0,"ocean_menu_typo_spacing_mobile":0,"ocean_menu_typo_spacing_unit":"","ocean_menu_link_color":"","ocean_menu_link_color_hover":"","ocean_menu_link_color_active":"","ocean_menu_link_background":"","ocean_menu_link_hover_background":"","ocean_menu_link_active_background":"","ocean_menu_social_links_bg":"","ocean_menu_social_hover_links_bg":"","ocean_menu_social_links_color":"","ocean_menu_social_hover_links_color":"","ocean_disable_title":"on","ocean_disable_heading":"default","ocean_post_title":"","ocean_post_subheading":"","ocean_post_title_style":"","ocean_post_title_background_color":"","ocean_post_title_background":0,"ocean_post_title_bg_image_position":"","ocean_post_title_bg_image_attachment":"","ocean_post_title_bg_image_repeat":"","ocean_post_title_bg_image_size":"","ocean_post_title_height":0,"ocean_post_title_bg_overlay":0.5,"ocean_post_title_bg_overlay_color":"","ocean_disable_breadcrumbs":"default","ocean_breadcrumbs_color":"","ocean_breadcrumbs_separator_color":"","ocean_breadcrumbs_links_color":"","ocean_breadcrumbs_links_hover_color":"","ocean_display_footer_widgets":"default","ocean_display_footer_bottom":"default","ocean_custom_footer_template":"0","footnotes":"","_links_to":"","_links_to_target":""},"class_list":["post-1741","page","type-page","status-publish","hentry","entry"],"_links":{"self":[{"href":"https:\/\/www.rmapiny.org\/es\/wp-json\/wp\/v2\/pages\/1741","targetHints":{"allow":["GET"]}}],"collection":[{"href":"https:\/\/www.rmapiny.org\/es\/wp-json\/wp\/v2\/pages"}],"about":[{"href":"https:\/\/www.rmapiny.org\/es\/wp-json\/wp\/v2\/types\/page"}],"author":[{"embeddable":true,"href":"https:\/\/www.rmapiny.org\/es\/wp-json\/wp\/v2\/users\/1"}],"replies":[{"embeddable":true,"href":"https:\/\/www.rmapiny.org\/es\/wp-json\/wp\/v2\/comments?post=1741"}],"version-history":[{"count":112,"href":"https:\/\/www.rmapiny.org\/es\/wp-json\/wp\/v2\/pages\/1741\/revisions"}],"predecessor-version":[{"id":5445,"href":"https:\/\/www.rmapiny.org\/es\/wp-json\/wp\/v2\/pages\/1741\/revisions\/5445"}],"wp:attachment":[{"href":"https:\/\/www.rmapiny.org\/es\/wp-json\/wp\/v2\/media?parent=1741"}],"curies":[{"name":"wp","href":"https:\/\/api.w.org\/{rel}","templated":true}]}}